{"id":24,"date":"2012-12-14T11:51:51","date_gmt":"2012-12-14T09:51:51","guid":{"rendered":"http:\/\/pacht-elektroanlagen.de\/?page_id=24"},"modified":"2024-01-03T21:13:01","modified_gmt":"2024-01-03T19:13:01","slug":"uber-uns","status":"publish","type":"page","link":"https:\/\/pacht-elektroanlagen.de\/?page_id=24","title":{"rendered":"\u00dcber Uns"},"content":{"rendered":"<p>Gegr\u00fcndet wurde das heutige Unternehmen vor ca. 55 Jahren als kleiner Familienbetrieb in Alt-Laatzen.<\/p>\n<p>Der Einsatz und die Anwendung moderner Technologien, handwerkliches Geschick und qualifizierte zuverl\u00e4ssige Mitarbeiter haben uns stets in die Lage versetzt, f\u00fcr alle elektrotechnischen Fragen eine L\u00f6sung zu finden.<\/p>\n<p>Vom Handwerksbetrieb der Elektrotechnik zum modernen Dienstleister arbeitet ein Team von Diplom-Ingenieuren, Meistern, Gesellen und Auszubildenden f\u00fcr Unternehmen verschiedener Gr\u00f6\u00dfe und Struktur.<\/p>\n","protected":false},"excerpt":{"rendered":"<p>Gegr\u00fcndet wurde das heutige Unternehmen vor ca. 55 Jahren als kleiner Familienbetrieb in Alt-Laatzen. Der Einsatz und die Anwendung moderner Technologien, handwerkliches Geschick und qualifizierte zuverl\u00e4ssige Mitarbeiter haben uns stets in die Lage versetzt, f\u00fcr alle elektrotechnischen Fragen eine L\u00f6sung &hellip; <a href=\"https:\/\/pacht-elektroanlagen.de\/?page_id=24\">Weiterlesen <span class=\"meta-nav\">&rarr;<\/span><\/a><\/p>\n","protected":false},"author":1,"featured_media":0,"parent":0,"menu_order":1,"comment_status":"closed","ping_status":"closed","template":"","meta":{"footnotes":""},"_links":{"self":[{"href":"https:\/\/pacht-elektroanlagen.de\/index.php?rest_route=\/wp\/v2\/pages\/24"}],"collection":[{"href":"https:\/\/pacht-elektroanlagen.de\/index.php?rest_route=\/wp\/v2\/pages"}],"about":[{"href":"https:\/\/pacht-elektroanlagen.de\/index.php?rest_route=\/wp\/v2\/types\/page"}],"author":[{"embeddable":true,"href":"https:\/\/pacht-elektroanlagen.de\/index.php?rest_route=\/wp\/v2\/users\/1"}],"replies":[{"embeddable":true,"href":"https:\/\/pacht-elektroanlagen.de\/index.php?rest_route=%2Fwp%2Fv2%2Fcomments&post=24"}],"version-history":[{"count":17,"href":"https:\/\/pacht-elektroanlagen.de\/index.php?rest_route=\/wp\/v2\/pages\/24\/revisions"}],"predecessor-version":[{"id":128,"href":"https:\/\/pacht-elektroanlagen.de\/index.php?rest_route=\/wp\/v2\/pages\/24\/revisions\/128"}],"wp:attachment":[{"href":"https:\/\/pacht-elektroanlagen.de\/index.php?rest_route=%2Fwp%2Fv2%2Fmedia&parent=24"}],"curies":[{"name":"wp","href":"https:\/\/api.w.org\/{rel}","templated":true}]}}